{"id":442,"date":"2022-03-11T12:30:23","date_gmt":"2022-03-11T12:30:23","guid":{"rendered":"https:\/\/www.wul4.com\/?page_id=442"},"modified":"2022-03-14T09:37:56","modified_gmt":"2022-03-14T09:37:56","slug":"wul4bank","status":"publish","type":"page","link":"https:\/\/www.wul4.com\/en\/wul4bank\/","title":{"rendered":"<img src=\"http:\/\/www.wul4.com\/wp-content\/uploads\/2022\/03\/logoBANK_white.png\">"},"content":{"rendered":"<div  data-label=\"Overlappable\" data-id=\"overlappable--1\" data-export-id=\"overlappable-4\" data-category=\"overlappable\" class=\"overlappable-4 content-section content-section-spacing content-relative\" data-overlap=\"true\" id=\"overlappable-1\" style=\"background-color: rgb(255, 255, 255);\"><div  class=\"gridContainer\"> <div  data-type=\"row\" class=\"row spaced-cols text-center\"><div  class=\"col-xs-12 col-sm-4 col-padding col-md-3\"> <i  class=\"fa icon shadow-large-black aligncenter fa-mobile-phone large color-black\"><\/i> <div  data-type=\"column\" class=\"\">  <h2  class=\"\">Management <span style=\"color: rgb(129, 215, 66);\" >from mobile<\/span><\/h2><\/div> <\/div> <div  class=\"col-xs-12 col-sm-4 col-padding col-md-3\"> <i  class=\"fa icon shadow-large-black aligncenter fa-user-circle-o large color-black\"><\/i> <div  data-type=\"column\" class=\"\"><h2  class=\"\">Management <span style=\"color: rgb(129, 215, 66);\" >beads<\/span><\/h2> <\/div> <\/div> <div  class=\"col-xs-12 col-sm-4 col-padding col-md-3\"> <i  class=\"fa icon shadow-large-black aligncenter fa-credit-card large color-black\"><\/i> <div  data-type=\"column\" class=\"\"><h2  class=\"\">Management <span style=\"color: rgb(129, 215, 66);\" >cards<\/span><\/h2> <\/div> <\/div><div  class=\"col-xs-12 col-sm-4 col-padding col-md-3\"> <i  class=\"fa icon shadow-large-black aligncenter fa-key large color-black\"><\/i> <div  data-type=\"column\" class=\"\">  <h2  class=\"\">Access <span style=\"color: rgb(129, 215, 66);\" >biometric<\/span><\/h2><\/div> <\/div><\/div> <\/div><div  class=\"section-separator-bottom\">\n    <svg  xmlns=\"http:\/\/www.w3.org\/2000\/svg\" viewbox=\"0 0 1000 100\" preserveaspectratio=\"none\" data-separator-name=\"mountains\" class=\"section-separator-bottom\">\n\t<path  class=\"svg-white-bg\" opacity=\"0.33\" d=\"M473,67.3c-203.9,88.3-263.1-34-320.3,0C66,119.1,0,59.7,0,59.7V0h1000v59.7 c0,0-62.1,26.1-94.9,29.3c-32.8,3.3-62.8-12.3-75.8-22.1C806,49.6,745.3,8.7,694.9,4.7S492.4,59,473,67.3z\"><\/path>\n\t<path  class=\"svg-white-bg\" opacity=\"0.66\" d=\"M734,67.3c-45.5,0-77.2-23.2-129.1-39.1c-28.6-8.7-150.3-10.1-254,39.1 s-91.7-34.4-149.2,0C115.7,118.3,0,39.8,0,39.8V0h1000v36.5c0,0-28.2-18.5-92.1-18.5C810.2,18.1,775.7,67.3,734,67.3z\"><\/path>\n\t<path  class=\"svg-white-bg\" d=\"M766.1,28.9c-200-57.5-266,65.5-395.1,19.5C242,1.8,242,5.4,184.8,20.6C128,35.8,132.3,44.9,89.9,52.5C28.6,63.7,0,0,0,0 h1000c0,0-9.9,40.9-83.6,48.1S829.6,47,766.1,28.9z\"><\/path>\n<\/svg>\n<\/div><\/div><div  data-label=\"cms\" data-id=\"content--1\" data-export-id=\"content-7\" data-category=\"content\" class=\"content-7 content-section content-section-spacing content-relative\" id=\"cms\" style=\"background-color: rgb(242, 242, 242); background-image: none;\" bis_size=\"{&quot;x&quot;:0,&quot;y&quot;:870,&quot;w&quot;:1557,&quot;h&quot;:753,&quot;abs_x&quot;:345,&quot;abs_y&quot;:870}\"><div  class=\"gridContainer\" bis_size=\"{&quot;x&quot;:162,&quot;y&quot;:950,&quot;w&quot;:1232,&quot;h&quot;:593,&quot;abs_x&quot;:507,&quot;abs_y&quot;:950}\"> <div  class=\"row middle-sm\" bis_size=\"{&quot;x&quot;:162,&quot;y&quot;:950,&quot;w&quot;:1232,&quot;h&quot;:593,&quot;abs_x&quot;:507,&quot;abs_y&quot;:950}\"><div  class=\"col-sm-6 space-bottom-xs\" data-type=\"column\" bis_size=\"{&quot;x&quot;:162,&quot;y&quot;:974,&quot;w&quot;:616,&quot;h&quot;:545,&quot;abs_x&quot;:507,&quot;abs_y&quot;:974}\"> <p  class=\"\" bis_size=\"{&quot;x&quot;:177,&quot;y&quot;:974,&quot;w&quot;:586,&quot;h&quot;:24,&quot;abs_x&quot;:522,&quot;abs_y&quot;:974}\"><span  style=\"font-family: Roboto, arial, helvetica, sans-serif; font-weight: 900;\" bis_size=\"{&quot;x&quot;:177,&quot;y&quot;:976,&quot;w&quot;:81,&quot;h&quot;:19,&quot;abs_x&quot;:522,&quot;abs_y&quot;:976}\">WUL4 BANK<\/span><\/p><h2  class=\"\" bis_size=\"{&quot;x&quot;:177,&quot;y&quot;:1022,&quot;w&quot;:586,&quot;h&quot;:49,&quot;abs_x&quot;:522,&quot;abs_y&quot;:1022}\"><font  color=\"#81d742\" face=\"Playfair Display, arial, helvetica, sans-serif\">Electronic Bank Solutions<\/font><\/h2> <p  class=\"\" bis_size=\"{&quot;x&quot;:177,&quot;y&quot;:1087,&quot;w&quot;:586,&quot;h&quot;:432,&quot;abs_x&quot;:522,&quot;abs_y&quot;:1087}\" style=\"text-align: justify;\">Electronic Banking solution for web\/mobile channels for card issuers of all kinds. Multi-channel access for the users of the entity according to the services that the entity wants to offer to its clients.\n<br ><br >\n<span  style=\"font-weight: 700;\">What does WUL4 BANK offer?<\/span><br >\n-Start-up in minimum time.<br >\n-Personalization tailored to the issuer and its program.<br >\n-Governance of the existing card program or the new one from its inception.<br >\n-Support and integration with backoffice processes of the entity (core banking, etc).<\/p> <\/div> <div  class=\"col-sm-6\" data-type=\"column\" bis_size=\"{&quot;x&quot;:778,&quot;y&quot;:950,&quot;w&quot;:616,&quot;h&quot;:593,&quot;abs_x&quot;:1123,&quot;abs_y&quot;:950}\"> <img decoding=\"async\"  class=\"shadow-large\" src=\"http:\/\/www.wul4.com\/wp-content\/uploads\/2022\/03\/bank-1.png\" title=\"bank\" alt=\"\" bis_size=\"{&quot;x&quot;:793,&quot;y&quot;:950,&quot;w&quot;:586,&quot;h&quot;:586,&quot;abs_x&quot;:1138,&quot;abs_y&quot;:950}\"><\/div> <\/div><\/div> <div  class=\"section-separator-bottom\" bis_size=\"{&quot;x&quot;:0,&quot;y&quot;:1549,&quot;w&quot;:1557,&quot;h&quot;:75,&quot;abs_x&quot;:345,&quot;abs_y&quot;:1549}\">\n    <svg  xmlns=\"http:\/\/www.w3.org\/2000\/svg\" viewbox=\"0 0 1000 100\" preserveaspectratio=\"none\" data-separator-name=\"mountains\" class=\"section-separator-bottom\" bis_size=\"{&quot;x&quot;:-15,&quot;y&quot;:1549,&quot;w&quot;:1572,&quot;h&quot;:75,&quot;abs_x&quot;:330,&quot;abs_y&quot;:1549}\">\n\t<path  class=\"svg-white-bg\" opacity=\"0.33\" d=\"M473,67.3c-203.9,88.3-263.1-34-320.3,0C66,119.1,0,59.7,0,59.7V0h1000v59.7 c0,0-62.1,26.1-94.9,29.3c-32.8,3.3-62.8-12.3-75.8-22.1C806,49.6,745.3,8.7,694.9,4.7S492.4,59,473,67.3z\" bis_size=\"{&quot;x&quot;:-15,&quot;y&quot;:1549,&quot;w&quot;:1572,&quot;h&quot;:75,&quot;abs_x&quot;:330,&quot;abs_y&quot;:1549}\"><\/path>\n\t<path  class=\"svg-white-bg\" opacity=\"0.66\" d=\"M734,67.3c-45.5,0-77.2-23.2-129.1-39.1c-28.6-8.7-150.3-10.1-254,39.1 s-91.7-34.4-149.2,0C115.7,118.3,0,39.8,0,39.8V0h1000v36.5c0,0-28.2-18.5-92.1-18.5C810.2,18.1,775.7,67.3,734,67.3z\" bis_size=\"{&quot;x&quot;:-15,&quot;y&quot;:1561,&quot;w&quot;:1572,&quot;h&quot;:63,&quot;abs_x&quot;:330,&quot;abs_y&quot;:1561}\"><\/path>\n\t<path  class=\"svg-white-bg\" d=\"M766.1,28.9c-200-57.5-266,65.5-395.1,19.5C242,1.8,242,5.4,184.8,20.6C128,35.8,132.3,44.9,89.9,52.5C28.6,63.7,0,0,0,0 h1000c0,0-9.9,40.9-83.6,48.1S829.6,47,766.1,28.9z\" bis_size=\"{&quot;x&quot;:-15,&quot;y&quot;:1580,&quot;w&quot;:1572,&quot;h&quot;:44,&quot;abs_x&quot;:330,&quot;abs_y&quot;:1580}\"><\/path>\n<\/svg>\n<\/div><\/div><div  data-label=\"Features\" data-id=\"features--1\" data-export-id=\"features-6\" data-category=\"features\" class=\"features-6 content-section-spacing\" id=\"features-1\" style=\"background-color: rgb(255, 255, 255);\"><div  class=\"gridContainer\"> <div  class=\"row text-center\"><div  class=\"section-title-col\" data-type=\"column\"> <h2  class=\"\"><span  style=\"font-family: Roboto, arial, helvetica, sans-serif;\">That contribute <span  style=\"color: rgb(129, 215, 66);\">WUL4 BANK<\/span><\/span><br ><span  style=\"font-family: Roboto, arial, helvetica, sans-serif;\">\nto your company?<\/span><\/h2> <\/div> <\/div> <div  data-type=\"row\" class=\"row space-bottom\"> <div  class=\"col-xs-12 col-sm-4 col-padding-small-xs col-md-3\"> <div  class=\"row\"> <div  class=\"col-xs-fit\"> <p  class=\"oval color2\"><span  style=\"color: rgb(129, 215, 66);\">1<\/span><\/p><\/div> <div  class=\"col-xs left-text\" data-type=\"column\"><h4  class=\"color2\"><span  style=\"color: rgb(60, 66, 79);\">Improved user experience \u201cBank on the go\u201d<\/span><\/h4> <\/div> <\/div><\/div> <div  class=\"col-xs-12 col-sm-4 col-padding-small-xs col-md-3\"><div  class=\"row\"> <div  class=\"col-xs-fit\"><p  class=\"oval color2\"><span  style=\"color: rgb(129, 215, 66);\">2<\/span><\/p><\/div> <div  class=\"col-xs left-text\" data-type=\"column\"><h4  class=\"color2\"><span  style=\"color: rgb(60, 66, 79);\">Direct service channel for end users<\/span><\/h4> <\/div> <\/div><\/div> <div  class=\"col-xs-12 col-sm-4 col-padding-small-xs col-md-3\"><div  class=\"row\"> <div  class=\"col-xs-fit\"><p  class=\"oval color2\"><span  style=\"color: rgb(129, 215, 66);\">3<\/span><\/p><\/div> <div  class=\"col-xs left-text\" data-type=\"column\"><h4  class=\"color2\"><span  style=\"color: rgb(60, 66, 79);\">Greater understanding of types of end users<\/span><\/h4> <\/div> <\/div><\/div> <div  class=\"col-xs-12 col-sm-4 col-padding-small-xs col-md-3\"> <div  class=\"row\"> <div  class=\"col-xs-fit\"> <p  class=\"oval color2\"><span  style=\"color: rgb(129, 215, 66);\">4<\/span><\/p><\/div> <div  class=\"col-xs left-text\" data-type=\"column\"><h4  class=\"color2\"><span  style=\"color: rgb(60, 66, 79);\">Customizable based on customer requirements<\/span><\/h4> <\/div> <\/div><\/div><\/div> <div  class=\"row\"> <div  data-type=\"column\" class=\"col-xs-12 text-center\"> <a class=\"button color6\" href=\"https:\/\/service.paythunder.com\/PTService\/clienteController\/mostrarTF?TF=S2DiUH1U&amp;rgpd=1\" target=\"_blank\" data-cp-link=\"1\" data-icon=\"\" rel=\"noopener\">Request more information<\/a><\/div> <\/div><\/div> <\/div>","protected":false},"excerpt":{"rendered":"<p>Management from mobile Account management Card management Biometric access WUL4 BANKElectronic Bank Solution Electronic Banking Solution for web\/Mobile channels for card issuers of all kinds. Multi-channel access for the users of the entity according to the services that the entity wants to offer to its clients. What does WUL4 BANK offer? -Put\u2026 <br \/> <a class=\"read-more\" href=\"https:\/\/www.wul4.com\/en\/wul4bank\/\">Read more<\/a><\/p>","protected":false},"author":1,"featured_media":0,"parent":0,"menu_order":0,"comment_status":"closed","ping_status":"closed","template":"pro\/page-templates\/full-width-page.php","meta":{"footnotes":""},"class_list":["post-442","page","type-page","status-publish","hentry"],"yoast_head":"<!-- This site is optimized with the Yoast SEO plugin v21.5 - https:\/\/yoast.com\/wordpress\/plugins\/seo\/ -->\n<title>- WUL4<\/title>\n<meta name=\"robots\" content=\"index, follow, max-snippet:-1, max-image-preview:large, max-video-preview:-1\" \/>\n<link rel=\"canonical\" href=\"https:\/\/www.wul4.com\/en\/wul4bank\/\" \/>\n<meta property=\"og:locale\" content=\"en_GB\" \/>\n<meta property=\"og:type\" content=\"article\" \/>\n<meta property=\"og:title\" content=\"- WUL4\" \/>\n<meta property=\"og:description\" content=\"Gesti\u00f3n desde m\u00f3vil Gesti\u00f3n de cuentas Gesti\u00f3n de tarjetas Acceso biom\u00e9trico WUL4 BANKElectronic Bank Solution Soluci\u00f3n de Banca electr\u00f3nica para los canales web\/ M\u00f3vil para emisores de tarjetas de todo tipo. Acceso multi-canal para los usuarios de la entidad seg\u00fan los servicios que quiera ofrecer la entidad a sus clientes. \u00bfQu\u00e9 ofrece WUL4 BANK? -Puesta&hellip; Read more\" \/>\n<meta property=\"og:url\" content=\"https:\/\/www.wul4.com\/en\/wul4bank\/\" \/>\n<meta property=\"og:site_name\" content=\"WUL4\" \/>\n<meta property=\"article:modified_time\" content=\"2022-03-14T09:37:56+00:00\" \/>\n<meta property=\"og:image\" content=\"http:\/\/www.wul4.com\/wp-content\/uploads\/2022\/03\/bank-1.png\" \/>\n<meta name=\"twitter:card\" content=\"summary_large_image\" \/>\n<meta name=\"twitter:label1\" content=\"Estimated reading time\" \/>\n\t<meta name=\"twitter:data1\" content=\"1 minute\" \/>\n<script type=\"application\/ld+json\" class=\"yoast-schema-graph\">{\"@context\":\"https:\/\/schema.org\",\"@graph\":[{\"@type\":\"WebPage\",\"@id\":\"https:\/\/www.wul4.com\/wul4bank\/\",\"url\":\"https:\/\/www.wul4.com\/wul4bank\/\",\"name\":\"- WUL4\",\"isPartOf\":{\"@id\":\"https:\/\/www.wul4.com\/#website\"},\"datePublished\":\"2022-03-11T12:30:23+00:00\",\"dateModified\":\"2022-03-14T09:37:56+00:00\",\"inLanguage\":\"en-GB\",\"potentialAction\":[{\"@type\":\"ReadAction\",\"target\":[\"https:\/\/www.wul4.com\/wul4bank\/\"]}]},{\"@type\":\"WebSite\",\"@id\":\"https:\/\/www.wul4.com\/#website\",\"url\":\"https:\/\/www.wul4.com\/\",\"name\":\"WUL4\",\"description\":\"Consultor\u00eda, servicios tecnol\u00f3gicos de pagos y seguridad.\",\"publisher\":{\"@id\":\"https:\/\/www.wul4.com\/#organization\"},\"potentialAction\":[{\"@type\":\"SearchAction\",\"target\":{\"@type\":\"EntryPoint\",\"urlTemplate\":\"https:\/\/www.wul4.com\/?s={search_term_string}\"},\"query-input\":\"required name=search_term_string\"}],\"inLanguage\":\"en-GB\"},{\"@type\":\"Organization\",\"@id\":\"https:\/\/www.wul4.com\/#organization\",\"name\":\"WUL4\",\"url\":\"https:\/\/www.wul4.com\/\",\"logo\":{\"@type\":\"ImageObject\",\"inLanguage\":\"en-GB\",\"@id\":\"https:\/\/www.wul4.com\/#\/schema\/logo\/image\/\",\"url\":\"https:\/\/www.wul4.com\/wp-content\/uploads\/2022\/03\/Sin-titulo-2.png\",\"contentUrl\":\"https:\/\/www.wul4.com\/wp-content\/uploads\/2022\/03\/Sin-titulo-2.png\",\"width\":988,\"height\":301,\"caption\":\"WUL4\"},\"image\":{\"@id\":\"https:\/\/www.wul4.com\/#\/schema\/logo\/image\/\"}}]}<\/script>\n<!-- \/ Yoast SEO plugin. -->","yoast_head_json":{"title":"- WUL4","robots":{"index":"index","follow":"follow","max-snippet":"max-snippet:-1","max-image-preview":"max-image-preview:large","max-video-preview":"max-video-preview:-1"},"canonical":"https:\/\/www.wul4.com\/en\/wul4bank\/","og_locale":"en_GB","og_type":"article","og_title":"- WUL4","og_description":"Gesti\u00f3n desde m\u00f3vil Gesti\u00f3n de cuentas Gesti\u00f3n de tarjetas Acceso biom\u00e9trico WUL4 BANKElectronic Bank Solution Soluci\u00f3n de Banca electr\u00f3nica para los canales web\/ M\u00f3vil para emisores de tarjetas de todo tipo. Acceso multi-canal para los usuarios de la entidad seg\u00fan los servicios que quiera ofrecer la entidad a sus clientes. \u00bfQu\u00e9 ofrece WUL4 BANK? -Puesta&hellip; Read more","og_url":"https:\/\/www.wul4.com\/en\/wul4bank\/","og_site_name":"WUL4","article_modified_time":"2022-03-14T09:37:56+00:00","og_image":[{"url":"http:\/\/www.wul4.com\/wp-content\/uploads\/2022\/03\/bank-1.png"}],"twitter_card":"summary_large_image","twitter_misc":{"Estimated reading time":"1 minute"},"schema":{"@context":"https:\/\/schema.org","@graph":[{"@type":"WebPage","@id":"https:\/\/www.wul4.com\/wul4bank\/","url":"https:\/\/www.wul4.com\/wul4bank\/","name":"- WUL4","isPartOf":{"@id":"https:\/\/www.wul4.com\/#website"},"datePublished":"2022-03-11T12:30:23+00:00","dateModified":"2022-03-14T09:37:56+00:00","inLanguage":"en-GB","potentialAction":[{"@type":"ReadAction","target":["https:\/\/www.wul4.com\/wul4bank\/"]}]},{"@type":"WebSite","@id":"https:\/\/www.wul4.com\/#website","url":"https:\/\/www.wul4.com\/","name":"WUL4","description":"Consultor\u00eda, servicios tecnol\u00f3gicos de pagos y seguridad.","publisher":{"@id":"https:\/\/www.wul4.com\/#organization"},"potentialAction":[{"@type":"SearchAction","target":{"@type":"EntryPoint","urlTemplate":"https:\/\/www.wul4.com\/?s={search_term_string}"},"query-input":"required name=search_term_string"}],"inLanguage":"en-GB"},{"@type":"Organization","@id":"https:\/\/www.wul4.com\/#organization","name":"WUL4","url":"https:\/\/www.wul4.com\/","logo":{"@type":"ImageObject","inLanguage":"en-GB","@id":"https:\/\/www.wul4.com\/#\/schema\/logo\/image\/","url":"https:\/\/www.wul4.com\/wp-content\/uploads\/2022\/03\/Sin-titulo-2.png","contentUrl":"https:\/\/www.wul4.com\/wp-content\/uploads\/2022\/03\/Sin-titulo-2.png","width":988,"height":301,"caption":"WUL4"},"image":{"@id":"https:\/\/www.wul4.com\/#\/schema\/logo\/image\/"}}]}},"_links":{"self":[{"href":"https:\/\/www.wul4.com\/en\/wp-json\/wp\/v2\/pages\/442","targetHints":{"allow":["GET"]}}],"collection":[{"href":"https:\/\/www.wul4.com\/en\/wp-json\/wp\/v2\/pages"}],"about":[{"href":"https:\/\/www.wul4.com\/en\/wp-json\/wp\/v2\/types\/page"}],"author":[{"embeddable":true,"href":"https:\/\/www.wul4.com\/en\/wp-json\/wp\/v2\/users\/1"}],"replies":[{"embeddable":true,"href":"https:\/\/www.wul4.com\/en\/wp-json\/wp\/v2\/comments?post=442"}],"version-history":[{"count":8,"href":"https:\/\/www.wul4.com\/en\/wp-json\/wp\/v2\/pages\/442\/revisions"}],"predecessor-version":[{"id":491,"href":"https:\/\/www.wul4.com\/en\/wp-json\/wp\/v2\/pages\/442\/revisions\/491"}],"wp:attachment":[{"href":"https:\/\/www.wul4.com\/en\/wp-json\/wp\/v2\/media?parent=442"}],"curies":[{"name":"wp","href":"https:\/\/api.w.org\/{rel}","templated":true}]}}