{"id":41,"date":"2022-03-03T09:08:09","date_gmt":"2022-03-03T09:08:09","guid":{"rendered":"https:\/\/www.wul4.com\/?page_id=41"},"modified":"2022-03-03T09:08:09","modified_gmt":"2022-03-03T09:08:09","slug":"politica-de-cookies","status":"publish","type":"page","link":"https:\/\/www.wul4.com\/en\/politica-de-cookies\/","title":{"rendered":"Cookies policy"},"content":{"rendered":"<p>Cookies are small amounts of information that are stored in the browser used by each user so that the server remembers certain information that can later be used.<\/p>\n\n\n\n<p>As provided in the\u00a0<strong>Article 22.2 of Law 34\/2002, of July 11, on Services of the Information Society and Electronic Commerce (LSSI-CE)<\/strong>, WUL4 reports the cookies used on our website:<\/p>\n\n\n\n<ul class=\"wp-block-list\"><li>Session cookies. They are temporary cookies that only exist until you close the browser you are using to access the web.<\/li><li>Permanent cookies. These are cookies that remain in your cookie file after you have visited our website. These cookies help us identify you when you return to our website.<\/li><\/ul>\n\n\n\n<h3 class=\"wp-block-heading\">USE OF COOKIES ON OUR WEBSITE<\/h3>\n\n\n\n<p>None of the cookies used on our website collect personally identifiable information about you.<\/p>\n\n\n\n<p>We use cookies for the following purposes:<\/p>\n\n\n\n<ul class=\"wp-block-list\"><li>Maintain user preferences.<\/li><li>Monitor our website traffic. We use Google Analytics, a web analytics service provided by Google. Google Analytics uses cookies to help us analyze how visitors use our website. To find out more about how these cookies are used, visit&nbsp;<a href=\"https:\/\/policies.google.com\/technologies\/types\">google-privacy<\/a>.<\/li><li>To enable certain features and help you navigate efficiently.<\/li><li>Session management.<\/li><\/ul>\n\n\n\n<h3 class=\"wp-block-heading\"><\/h3>\n\n\n\n<h3 class=\"wp-block-heading\">COOKIES ESTABLISHED BY THIS SITE<\/h3>\n\n\n\n<figure class=\"wp-block-table\"><table><tbody><tr><td><strong>Cookie name<\/strong><\/td><td><strong>cookie type&nbsp;<\/strong><\/td><td><strong>Cookie purpose&nbsp;<\/strong><\/td><\/tr><tr><td>PHPSESSID<\/td><td>Session<\/td><td>Used by the PHP encryption language to allow SESSION variables to be saved on the web server. This cookie is essential for the website to function.<\/td><\/tr><tr><td>cookie_notice_accepted<\/td><td>1 month<\/td><td>This cookie remembers if the cookie warning message has been accepted to stop showing it during the time it is active.<\/td><\/tr><tr><td>pvc_visits[0]<\/td><td>1 month?<\/td><td>This cookie is used to count how many times a website has been visited by different visitors. This is achieved by assigning a random ID to the visitor, to avoid double registration of the visitor.<\/td><\/tr><tr><td>wordpress_test_cookie<\/td><td>Session<\/td><td>Is&nbsp;<em>cookies<\/em>&nbsp;is used for the WordPress content manager to check if the browser has the&nbsp;<em>cookies<\/em>&nbsp;activated.<\/td><\/tr><\/tbody><\/table><\/figure>\n\n\n\n<h3 class=\"wp-block-heading\">COOKIES ESTABLISHED BY THIRD PARTIES<\/h3>\n\n\n\n<p>The content of this website is updated regularly and we could integrate content from other websites such as:<\/p>\n\n\n\n<ul class=\"wp-block-list\"><li>Youtube<\/li><li>Twitter<\/li><li>Facebook<\/li><\/ul>\n\n\n\n<p>When you visit a page with integrated content from any of these services, you may expose yourself to cookies from these websites. The website, the owners of the website and the developers of the website and the software do not control the dissemination of these cookies. For more information about these cookies you should see the websites of these third parties.<\/p>\n\n\n\n<p>Information on how to remove cookies from your browser:<\/p>\n\n\n\n<ul class=\"wp-block-list\"><li><a href=\"https:\/\/support.apple.com\/kb\/PH19214?viewlocale=es_ES&amp;locale=es_ES\">Safari<\/a><\/li><li><a href=\"https:\/\/support.google.com\/chrome\/answer\/95647?hl=es\">Chrome<\/a><\/li><li><a href=\"https:\/\/support.mozilla.org\/es\/kb\/habilitar-y-deshabilitar-cookies-sitios-web-rastrear-preferencias\">firefox<\/a><\/li><li><a href=\"https:\/\/ceporros.com\/\">internet explorer<\/a><\/li><\/ul>","protected":false},"excerpt":{"rendered":"<p>Cookies are small amounts of information that are stored in the browser used by each user so that the server remembers certain information that can later be used. According to the provisions of article 22.2 of Law 34\/2002, of July 11, on Services of the Information Society and Electronic Commerce (LSSI-CE),\u2026 <br \/> <a class=\"read-more\" href=\"https:\/\/www.wul4.com\/en\/politica-de-cookies\/\">Read more<\/a><\/p>","protected":false},"author":1,"featured_media":0,"parent":0,"menu_order":0,"comment_status":"closed","ping_status":"closed","template":"","meta":{"footnotes":""},"class_list":["post-41","page","type-page","status-publish","hentry"],"yoast_head":"<!-- This site is optimized with the Yoast SEO plugin v21.5 - https:\/\/yoast.com\/wordpress\/plugins\/seo\/ -->\n<title>Pol\u00edtica de Cookies - WUL4<\/title>\n<meta name=\"robots\" content=\"index, follow, max-snippet:-1, max-image-preview:large, max-video-preview:-1\" \/>\n<link rel=\"canonical\" href=\"https:\/\/www.wul4.com\/en\/politica-de-cookies\/\" \/>\n<meta property=\"og:locale\" content=\"en_GB\" \/>\n<meta property=\"og:type\" content=\"article\" \/>\n<meta property=\"og:title\" content=\"Pol\u00edtica de Cookies - WUL4\" \/>\n<meta property=\"og:description\" content=\"Las cookies son peque\u00f1as cantidades de informaci\u00f3n que se almacenan en el navegador utilizado por cada usuario para que el servidor recuerde cierta informaci\u00f3n que posteriormente pueda utilizar. Seg\u00fan lo dispuesto en el\u00a0art\u00edculo 22.2 de la Ley 34\/2002, de 11 de julio, de Servicios de la Sociedad de la Informaci\u00f3n y de Comercio Electr\u00f3nico (LSSI-CE),&hellip; Read more\" \/>\n<meta property=\"og:url\" content=\"https:\/\/www.wul4.com\/en\/politica-de-cookies\/\" \/>\n<meta property=\"og:site_name\" content=\"WUL4\" \/>\n<meta name=\"twitter:card\" content=\"summary_large_image\" \/>\n<meta name=\"twitter:label1\" content=\"Estimated reading time\" \/>\n\t<meta name=\"twitter:data1\" content=\"2 minutes\" \/>\n<script type=\"application\/ld+json\" class=\"yoast-schema-graph\">{\"@context\":\"https:\/\/schema.org\",\"@graph\":[{\"@type\":\"WebPage\",\"@id\":\"https:\/\/www.wul4.com\/politica-de-cookies\/\",\"url\":\"https:\/\/www.wul4.com\/politica-de-cookies\/\",\"name\":\"Pol\u00edtica de Cookies - WUL4\",\"isPartOf\":{\"@id\":\"http:\/\/www.wul4.com\/#website\"},\"datePublished\":\"2022-03-03T09:08:09+00:00\",\"dateModified\":\"2022-03-03T09:08:09+00:00\",\"breadcrumb\":{\"@id\":\"https:\/\/www.wul4.com\/politica-de-cookies\/#breadcrumb\"},\"inLanguage\":\"en-GB\",\"potentialAction\":[{\"@type\":\"ReadAction\",\"target\":[\"https:\/\/www.wul4.com\/politica-de-cookies\/\"]}]},{\"@type\":\"BreadcrumbList\",\"@id\":\"https:\/\/www.wul4.com\/politica-de-cookies\/#breadcrumb\",\"itemListElement\":[{\"@type\":\"ListItem\",\"position\":1,\"name\":\"Portada\",\"item\":\"http:\/\/www.wul4.com\/\"},{\"@type\":\"ListItem\",\"position\":2,\"name\":\"Pol\u00edtica de Cookies\"}]},{\"@type\":\"WebSite\",\"@id\":\"http:\/\/www.wul4.com\/#website\",\"url\":\"http:\/\/www.wul4.com\/\",\"name\":\"WUL4\",\"description\":\"Consultor\u00eda, servicios tecnol\u00f3gicos de pagos y seguridad.\",\"publisher\":{\"@id\":\"http:\/\/www.wul4.com\/#organization\"},\"potentialAction\":[{\"@type\":\"SearchAction\",\"target\":{\"@type\":\"EntryPoint\",\"urlTemplate\":\"http:\/\/www.wul4.com\/?s={search_term_string}\"},\"query-input\":\"required name=search_term_string\"}],\"inLanguage\":\"en-GB\"},{\"@type\":\"Organization\",\"@id\":\"http:\/\/www.wul4.com\/#organization\",\"name\":\"WUL4\",\"url\":\"http:\/\/www.wul4.com\/\",\"logo\":{\"@type\":\"ImageObject\",\"inLanguage\":\"en-GB\",\"@id\":\"http:\/\/www.wul4.com\/#\/schema\/logo\/image\/\",\"url\":\"https:\/\/www.wul4.com\/wp-content\/uploads\/2022\/03\/Sin-titulo-2.png\",\"contentUrl\":\"https:\/\/www.wul4.com\/wp-content\/uploads\/2022\/03\/Sin-titulo-2.png\",\"width\":988,\"height\":301,\"caption\":\"WUL4\"},\"image\":{\"@id\":\"http:\/\/www.wul4.com\/#\/schema\/logo\/image\/\"}}]}<\/script>\n<!-- \/ Yoast SEO plugin. -->","yoast_head_json":{"title":"Pol\u00edtica de Cookies - WUL4","robots":{"index":"index","follow":"follow","max-snippet":"max-snippet:-1","max-image-preview":"max-image-preview:large","max-video-preview":"max-video-preview:-1"},"canonical":"https:\/\/www.wul4.com\/en\/politica-de-cookies\/","og_locale":"en_GB","og_type":"article","og_title":"Pol\u00edtica de Cookies - WUL4","og_description":"Las cookies son peque\u00f1as cantidades de informaci\u00f3n que se almacenan en el navegador utilizado por cada usuario para que el servidor recuerde cierta informaci\u00f3n que posteriormente pueda utilizar. Seg\u00fan lo dispuesto en el\u00a0art\u00edculo 22.2 de la Ley 34\/2002, de 11 de julio, de Servicios de la Sociedad de la Informaci\u00f3n y de Comercio Electr\u00f3nico (LSSI-CE),&hellip; Read more","og_url":"https:\/\/www.wul4.com\/en\/politica-de-cookies\/","og_site_name":"WUL4","twitter_card":"summary_large_image","twitter_misc":{"Estimated reading time":"2 minutes"},"schema":{"@context":"https:\/\/schema.org","@graph":[{"@type":"WebPage","@id":"https:\/\/www.wul4.com\/politica-de-cookies\/","url":"https:\/\/www.wul4.com\/politica-de-cookies\/","name":"Pol\u00edtica de Cookies - WUL4","isPartOf":{"@id":"http:\/\/www.wul4.com\/#website"},"datePublished":"2022-03-03T09:08:09+00:00","dateModified":"2022-03-03T09:08:09+00:00","breadcrumb":{"@id":"https:\/\/www.wul4.com\/politica-de-cookies\/#breadcrumb"},"inLanguage":"en-GB","potentialAction":[{"@type":"ReadAction","target":["https:\/\/www.wul4.com\/politica-de-cookies\/"]}]},{"@type":"BreadcrumbList","@id":"https:\/\/www.wul4.com\/politica-de-cookies\/#breadcrumb","itemListElement":[{"@type":"ListItem","position":1,"name":"Portada","item":"http:\/\/www.wul4.com\/"},{"@type":"ListItem","position":2,"name":"Pol\u00edtica de Cookies"}]},{"@type":"WebSite","@id":"http:\/\/www.wul4.com\/#website","url":"http:\/\/www.wul4.com\/","name":"WUL4","description":"Consultor\u00eda, servicios tecnol\u00f3gicos de pagos y seguridad.","publisher":{"@id":"http:\/\/www.wul4.com\/#organization"},"potentialAction":[{"@type":"SearchAction","target":{"@type":"EntryPoint","urlTemplate":"http:\/\/www.wul4.com\/?s={search_term_string}"},"query-input":"required name=search_term_string"}],"inLanguage":"en-GB"},{"@type":"Organization","@id":"http:\/\/www.wul4.com\/#organization","name":"WUL4","url":"http:\/\/www.wul4.com\/","logo":{"@type":"ImageObject","inLanguage":"en-GB","@id":"http:\/\/www.wul4.com\/#\/schema\/logo\/image\/","url":"https:\/\/www.wul4.com\/wp-content\/uploads\/2022\/03\/Sin-titulo-2.png","contentUrl":"https:\/\/www.wul4.com\/wp-content\/uploads\/2022\/03\/Sin-titulo-2.png","width":988,"height":301,"caption":"WUL4"},"image":{"@id":"http:\/\/www.wul4.com\/#\/schema\/logo\/image\/"}}]}},"_links":{"self":[{"href":"https:\/\/www.wul4.com\/en\/wp-json\/wp\/v2\/pages\/41","targetHints":{"allow":["GET"]}}],"collection":[{"href":"https:\/\/www.wul4.com\/en\/wp-json\/wp\/v2\/pages"}],"about":[{"href":"https:\/\/www.wul4.com\/en\/wp-json\/wp\/v2\/types\/page"}],"author":[{"embeddable":true,"href":"https:\/\/www.wul4.com\/en\/wp-json\/wp\/v2\/users\/1"}],"replies":[{"embeddable":true,"href":"https:\/\/www.wul4.com\/en\/wp-json\/wp\/v2\/comments?post=41"}],"version-history":[{"count":1,"href":"https:\/\/www.wul4.com\/en\/wp-json\/wp\/v2\/pages\/41\/revisions"}],"predecessor-version":[{"id":42,"href":"https:\/\/www.wul4.com\/en\/wp-json\/wp\/v2\/pages\/41\/revisions\/42"}],"wp:attachment":[{"href":"https:\/\/www.wul4.com\/en\/wp-json\/wp\/v2\/media?parent=41"}],"curies":[{"name":"wp","href":"https:\/\/api.w.org\/{rel}","templated":true}]}}