{"id":370,"date":"2022-03-08T10:53:02","date_gmt":"2022-03-08T10:53:02","guid":{"rendered":"http:\/\/www.wul4.com\/?page_id=370"},"modified":"2022-07-11T08:28:52","modified_gmt":"2022-07-11T08:28:52","slug":"descargas","status":"publish","type":"page","link":"https:\/\/www.wul4.com\/en\/descargas\/","title":{"rendered":"DOWNLOAD DOCUMENTS"},"content":{"rendered":"<div  data-label=\"descarga\" data-id=\"features--1\" data-export-id=\"features-16-card-bordered-colored\" data-category=\"features\" class=\"features-16-card-bordered-colored content-section content-section-spacing\" id=\"descarga\" style=\"background-color: rgb(255, 255, 255);\"><div  class=\"gridContainer\"> <div  class=\"row text-center\"><div  class=\"section-title-col\" data-type=\"column\"> <h2  class=\"\"><span  style=\"font-family: Roboto, arial, helvetica, sans-serif;\">WUL4 triptychs<\/span><\/h2> <\/div> <\/div> <div  class=\"row spaced-cols\" data-type=\"row\">  <div  class=\"col-xs-12 col-sm-6 col-md-6\"><div  class=\"card no-padding bottom-border-color6\">  <div  data-type=\"column\" class=\"col-padding-small col-padding-small-xs description-container\"> <h4  class=\"font-500 color1\"><span  style=\"font-family: Roboto, arial, helvetica, sans-serif; font-weight: 700; color: rgb(129, 215, 66);\">PCI-DSS Brouchers<\/span><\/h4> <\/div> <div  data-type=\"column\" class=\"col-padding-small col-padding-small-xs read-more-container\"><a class=\"read-more\" href=\"https:\/\/www.wul4.com\/wp-content\/uploads\/2022\/03\/brochure-pci-esp.pdf\" target=\"_blank\" data-cp-link=\"1\" rel=\"noopener\">Read<\/a><\/div> <\/div><\/div><div  class=\"col-xs-12 col-sm-6 col-md-6\"><div  class=\"card no-padding bottom-border-color6\">  <div  data-type=\"column\" class=\"col-padding-small col-padding-small-xs description-container\"> <h4  class=\"font-500 color1\"><span  style=\"font-family: Roboto, arial, helvetica, sans-serif; font-weight: 700; color: rgb(129, 215, 66);\">WUL4BUS Brouchers<\/span><\/h4> <\/div> <div  data-type=\"column\" class=\"col-padding-small col-padding-small-xs read-more-container\"><a class=\"read-more\" href=\"https:\/\/www.wul4.com\/wp-content\/uploads\/2022\/03\/brochurewul4bus.pdf\" target=\"_blank\" data-cp-link=\"1\" rel=\"noopener\">Read<\/a><\/div> <\/div><\/div> <div  class=\"col-xs-12 col-sm-6 col-md-6\"><div  class=\"card no-padding bottom-border-color6\">  <div  data-type=\"column\" class=\"col-padding-small col-padding-small-xs description-container\"> <h4  class=\"font-500 color1\"><span  style=\"font-family: Roboto, arial, helvetica, sans-serif; color: rgb(129, 215, 66); font-weight: 700;\">WUL4Tracking Brouchers<\/span><\/h4> <\/div> <div  data-type=\"column\" class=\"col-padding-small col-padding-small-xs read-more-container\"><a class=\"read-more\" href=\"https:\/\/www.wul4.com\/wp-content\/uploads\/2022\/03\/brochurewul4tracking.pdf\" target=\"_blank\" data-cp-link=\"1\" rel=\"noopener\">Read<\/a><\/div> <\/div><\/div> <div  class=\"col-xs-12 col-sm-6 col-md-6\"> <div  class=\"card no-padding bottom-border-color6\">  <div  data-type=\"column\" class=\"col-padding-small col-padding-small-xs description-container\"> <h4  class=\"font-500 color1\"><span  style=\"font-family: Roboto, arial, helvetica, sans-serif; color: rgb(129, 215, 66); font-weight: 700;\">WUL4 Safety Brouchers<\/span><\/h4> <\/div> <div  data-type=\"column\" class=\"col-padding-small col-padding-small-xs read-more-container\"><a class=\"read-more\" href=\"https:\/\/www.wul4.com\/wp-content\/uploads\/2022\/03\/brochure-seguridad-esp.pdf\" target=\"_blank\" data-cp-link=\"1\" rel=\"noopener\">Read<\/a><\/div> <\/div><\/div><\/div><\/div> <\/div>","protected":false},"excerpt":{"rendered":"<p>WUL4 Triptych PCI-DSS Triptych Read WUL4BUS Triptych Read WUL4Tracking Triptych Read WUL4 Security Triptych Read<\/p>","protected":false},"author":1,"featured_media":0,"parent":0,"menu_order":0,"comment_status":"closed","ping_status":"closed","template":"pro\/page-templates\/full-width-page.php","meta":{"footnotes":""},"class_list":["post-370","page","type-page","status-publish","hentry"],"yoast_head":"<!-- This site is optimized with the Yoast SEO plugin v21.5 - https:\/\/yoast.com\/wordpress\/plugins\/seo\/ -->\n<title>DESCARGA DE DOCUMENTOS - WUL4<\/title>\n<meta name=\"robots\" content=\"index, follow, max-snippet:-1, max-image-preview:large, max-video-preview:-1\" \/>\n<link rel=\"canonical\" href=\"https:\/\/www.wul4.com\/en\/descargas\/\" \/>\n<meta property=\"og:locale\" content=\"en_GB\" \/>\n<meta property=\"og:type\" content=\"article\" \/>\n<meta property=\"og:title\" content=\"DESCARGA DE DOCUMENTOS - WUL4\" \/>\n<meta property=\"og:description\" content=\"Tr\u00edpticos WUL4 Tr\u00edptico de PCI-DSS Leer Tr\u00edptico de WUL4BUS Leer Tr\u00edptico de WUL4Tracking Leer Tr\u00edptico de Seguridad WUL4 Leer\" \/>\n<meta property=\"og:url\" content=\"https:\/\/www.wul4.com\/en\/descargas\/\" \/>\n<meta property=\"og:site_name\" content=\"WUL4\" \/>\n<meta property=\"article:modified_time\" content=\"2022-07-11T08:28:52+00:00\" \/>\n<meta name=\"twitter:card\" content=\"summary_large_image\" \/>\n<script type=\"application\/ld+json\" class=\"yoast-schema-graph\">{\"@context\":\"https:\/\/schema.org\",\"@graph\":[{\"@type\":\"WebPage\",\"@id\":\"https:\/\/www.wul4.com\/en\/descargas\/\",\"url\":\"https:\/\/www.wul4.com\/en\/descargas\/\",\"name\":\"DESCARGA DE DOCUMENTOS - WUL4\",\"isPartOf\":{\"@id\":\"https:\/\/www.wul4.com\/#website\"},\"datePublished\":\"2022-03-08T10:53:02+00:00\",\"dateModified\":\"2022-07-11T08:28:52+00:00\",\"breadcrumb\":{\"@id\":\"https:\/\/www.wul4.com\/en\/descargas\/#breadcrumb\"},\"inLanguage\":\"en-GB\",\"potentialAction\":[{\"@type\":\"ReadAction\",\"target\":[\"https:\/\/www.wul4.com\/en\/descargas\/\"]}]},{\"@type\":\"BreadcrumbList\",\"@id\":\"https:\/\/www.wul4.com\/en\/descargas\/#breadcrumb\",\"itemListElement\":[{\"@type\":\"ListItem\",\"position\":1,\"name\":\"Portada\",\"item\":\"https:\/\/www.wul4.com\/\"},{\"@type\":\"ListItem\",\"position\":2,\"name\":\"DESCARGA DE DOCUMENTOS\"}]},{\"@type\":\"WebSite\",\"@id\":\"https:\/\/www.wul4.com\/#website\",\"url\":\"https:\/\/www.wul4.com\/\",\"name\":\"WUL4\",\"description\":\"Consultor\u00eda, servicios tecnol\u00f3gicos de pagos y seguridad.\",\"publisher\":{\"@id\":\"https:\/\/www.wul4.com\/#organization\"},\"potentialAction\":[{\"@type\":\"SearchAction\",\"target\":{\"@type\":\"EntryPoint\",\"urlTemplate\":\"https:\/\/www.wul4.com\/?s={search_term_string}\"},\"query-input\":\"required name=search_term_string\"}],\"inLanguage\":\"en-GB\"},{\"@type\":\"Organization\",\"@id\":\"https:\/\/www.wul4.com\/#organization\",\"name\":\"WUL4\",\"url\":\"https:\/\/www.wul4.com\/\",\"logo\":{\"@type\":\"ImageObject\",\"inLanguage\":\"en-GB\",\"@id\":\"https:\/\/www.wul4.com\/#\/schema\/logo\/image\/\",\"url\":\"https:\/\/www.wul4.com\/wp-content\/uploads\/2022\/03\/Sin-titulo-2.png\",\"contentUrl\":\"https:\/\/www.wul4.com\/wp-content\/uploads\/2022\/03\/Sin-titulo-2.png\",\"width\":988,\"height\":301,\"caption\":\"WUL4\"},\"image\":{\"@id\":\"https:\/\/www.wul4.com\/#\/schema\/logo\/image\/\"}}]}<\/script>\n<!-- \/ Yoast SEO plugin. -->","yoast_head_json":{"title":"DESCARGA DE DOCUMENTOS - WUL4","robots":{"index":"index","follow":"follow","max-snippet":"max-snippet:-1","max-image-preview":"max-image-preview:large","max-video-preview":"max-video-preview:-1"},"canonical":"https:\/\/www.wul4.com\/en\/descargas\/","og_locale":"en_GB","og_type":"article","og_title":"DESCARGA DE DOCUMENTOS - WUL4","og_description":"Tr\u00edpticos WUL4 Tr\u00edptico de PCI-DSS Leer Tr\u00edptico de WUL4BUS Leer Tr\u00edptico de WUL4Tracking Leer Tr\u00edptico de Seguridad WUL4 Leer","og_url":"https:\/\/www.wul4.com\/en\/descargas\/","og_site_name":"WUL4","article_modified_time":"2022-07-11T08:28:52+00:00","twitter_card":"summary_large_image","schema":{"@context":"https:\/\/schema.org","@graph":[{"@type":"WebPage","@id":"https:\/\/www.wul4.com\/en\/descargas\/","url":"https:\/\/www.wul4.com\/en\/descargas\/","name":"DESCARGA DE DOCUMENTOS - WUL4","isPartOf":{"@id":"https:\/\/www.wul4.com\/#website"},"datePublished":"2022-03-08T10:53:02+00:00","dateModified":"2022-07-11T08:28:52+00:00","breadcrumb":{"@id":"https:\/\/www.wul4.com\/en\/descargas\/#breadcrumb"},"inLanguage":"en-GB","potentialAction":[{"@type":"ReadAction","target":["https:\/\/www.wul4.com\/en\/descargas\/"]}]},{"@type":"BreadcrumbList","@id":"https:\/\/www.wul4.com\/en\/descargas\/#breadcrumb","itemListElement":[{"@type":"ListItem","position":1,"name":"Portada","item":"https:\/\/www.wul4.com\/"},{"@type":"ListItem","position":2,"name":"DESCARGA DE DOCUMENTOS"}]},{"@type":"WebSite","@id":"https:\/\/www.wul4.com\/#website","url":"https:\/\/www.wul4.com\/","name":"WUL4","description":"Consultor\u00eda, servicios tecnol\u00f3gicos de pagos y seguridad.","publisher":{"@id":"https:\/\/www.wul4.com\/#organization"},"potentialAction":[{"@type":"SearchAction","target":{"@type":"EntryPoint","urlTemplate":"https:\/\/www.wul4.com\/?s={search_term_string}"},"query-input":"required name=search_term_string"}],"inLanguage":"en-GB"},{"@type":"Organization","@id":"https:\/\/www.wul4.com\/#organization","name":"WUL4","url":"https:\/\/www.wul4.com\/","logo":{"@type":"ImageObject","inLanguage":"en-GB","@id":"https:\/\/www.wul4.com\/#\/schema\/logo\/image\/","url":"https:\/\/www.wul4.com\/wp-content\/uploads\/2022\/03\/Sin-titulo-2.png","contentUrl":"https:\/\/www.wul4.com\/wp-content\/uploads\/2022\/03\/Sin-titulo-2.png","width":988,"height":301,"caption":"WUL4"},"image":{"@id":"https:\/\/www.wul4.com\/#\/schema\/logo\/image\/"}}]}},"_links":{"self":[{"href":"https:\/\/www.wul4.com\/en\/wp-json\/wp\/v2\/pages\/370","targetHints":{"allow":["GET"]}}],"collection":[{"href":"https:\/\/www.wul4.com\/en\/wp-json\/wp\/v2\/pages"}],"about":[{"href":"https:\/\/www.wul4.com\/en\/wp-json\/wp\/v2\/types\/page"}],"author":[{"embeddable":true,"href":"https:\/\/www.wul4.com\/en\/wp-json\/wp\/v2\/users\/1"}],"replies":[{"embeddable":true,"href":"https:\/\/www.wul4.com\/en\/wp-json\/wp\/v2\/comments?post=370"}],"version-history":[{"count":11,"href":"https:\/\/www.wul4.com\/en\/wp-json\/wp\/v2\/pages\/370\/revisions"}],"predecessor-version":[{"id":672,"href":"https:\/\/www.wul4.com\/en\/wp-json\/wp\/v2\/pages\/370\/revisions\/672"}],"wp:attachment":[{"href":"https:\/\/www.wul4.com\/en\/wp-json\/wp\/v2\/media?parent=370"}],"curies":[{"name":"wp","href":"https:\/\/api.w.org\/{rel}","templated":true}]}}