{"id":35,"date":"2022-03-03T09:04:23","date_gmt":"2022-03-03T09:04:23","guid":{"rendered":"https:\/\/www.wul4.com\/?page_id=35"},"modified":"2022-08-29T11:19:22","modified_gmt":"2022-08-29T11:19:22","slug":"aviso-legal","status":"publish","type":"page","link":"https:\/\/www.wul4.com\/en\/aviso-legal\/","title":{"rendered":"Legal warning"},"content":{"rendered":"<p><strong>WARNING<\/strong><strong>&nbsp;LEGAL<\/strong><\/p>\n\n\n\n<p>This website is owned by\u00a0<strong>What you look for SL <\/strong>with CIF: <strong>B14882062<\/strong> and registered office located in Pje. from the Balcony of Lagartijo, 31 \u2013 33, 14014 C\u00f3rdoba. It is registered in the Mercantile Registry of C\u00f3rdoba.<\/p>\n\n\n\n<p>Contact information:<\/p>\n\n\n\n<p>Email: <a href=\"mailto:info@wul4.com\">info@wul4.com<\/a>.<\/p>\n\n\n\n<p>Phone: <strong>+34 912 966 124<\/strong><\/p>\n\n\n\n<p>Through the website&nbsp;<a href=\"https:\/\/www.wul4.com\/en\/\">www.wul4.com<\/a>, we offer users the possibility of accessing information about our services. Any person who accesses this website assumes the role of user, committing to the observance and strict compliance with the provisions set forth herein, as well as any other legal provision that may be applicable.<\/p>\n\n\n\n<p><strong>WUL4,&nbsp;<\/strong>reserves the right to modify, limit or cancel the access and contents of the website at any time, not assuming any responsibility for its updating. Likewise, it reserves the right to modify any type of information that may appear on the website, without there being any obligation to give advance notice or inform users of said obligations, understanding that the publication on the website of&nbsp;<strong><strong><strong>WUL4<\/strong><\/strong>.<\/strong><\/p>\n\n\n\n<p>All industrial and intellectual property rights of the internet domains of&nbsp;<strong><strong><strong>WUL4<\/strong><\/strong><\/strong> as well as the elements contained therein belong to&nbsp;<strong><strong><strong>WUL4<\/strong><\/strong><\/strong>, Or in her case&nbsp;<strong><strong><strong>WUL4<\/strong><\/strong><\/strong> is authorized to reproduce them. The copy, use, reproduction, distribution or any type of communication of the information contained in this website must be authorized in writing by&nbsp;<strong><strong><strong>WUL4<\/strong><\/strong><\/strong>.<\/p>\n\n\n\n<p>Access to the website\u00a0<a rel=\"noreferrer noopener\" href=\"http:\/\/www.paythunder.com\" data-type=\"URL\" data-id=\"www.paythunder.com\" target=\"_blank\"><a href=\"https:\/\/www.wul4.com\/en\/\">www.wul4.com<\/a><\/a>\u00a0as well as the use of any information contained therein is the sole responsibility of the person who accesses or uses it, not responding\u00a0<strong><strong><strong>WUL4<\/strong><\/strong><\/strong> of any consequence, damage or harm that may arise from the access or use of the information.\u00a0<strong><strong><strong>WUL4<\/strong><\/strong><\/strong> does not guarantee that the information, text, graphics, links or any other content of its website are accurate or complete, excluding, especially, any liability that may arise from the content and commercial services or of any other type of websites that can be linked electronically, directly or indirectly, through the website of\u00a0<strong><strong><strong>WUL4<\/strong><\/strong><\/strong>.<\/p>\n\n\n\n<p>The applicable law, in case of dispute or conflict of interpretation of the terms that make up this legal notice, as well as any issue related to the services of this website, will be Spanish law.<\/p>","protected":false},"excerpt":{"rendered":"<p>LEGAL NOTICE This website is owned by What you look for SL with CIF: B14882062 and registered office at Pje. from the Balcony of Lagartijo, 31 \u2013 33, 14014 C\u00f3rdoba. It is registered in the Mercantile Registry of C\u00f3rdoba. Contact information: Email: info@wul4.com. Tel.: +34 912 966 124 Through the website www.wul4.com,\u2026 <br \/> <a class=\"read-more\" href=\"https:\/\/www.wul4.com\/en\/aviso-legal\/\">Read more<\/a><\/p>","protected":false},"author":1,"featured_media":0,"parent":0,"menu_order":0,"comment_status":"closed","ping_status":"closed","template":"","meta":{"footnotes":""},"class_list":["post-35","page","type-page","status-publish","hentry"],"yoast_head":"<!-- This site is optimized with the Yoast SEO plugin v21.5 - https:\/\/yoast.com\/wordpress\/plugins\/seo\/ -->\n<title>Aviso Legal - WUL4<\/title>\n<meta name=\"robots\" content=\"index, follow, max-snippet:-1, max-image-preview:large, max-video-preview:-1\" \/>\n<link rel=\"canonical\" href=\"https:\/\/www.wul4.com\/en\/aviso-legal\/\" \/>\n<meta property=\"og:locale\" content=\"en_GB\" \/>\n<meta property=\"og:type\" content=\"article\" \/>\n<meta property=\"og:title\" content=\"Aviso Legal - WUL4\" \/>\n<meta property=\"og:description\" content=\"AVISO&nbsp;LEGAL El presente sitio web es titularidad de\u00a0What you look for S.L. con CIF: B14882062 y domicilio social sito en Pje. del Balc\u00f3n de Lagartijo, 31 &#8211; 33, 14014 C\u00f3rdoba. Se encuentra inscrita en el Registro Mercantil de C\u00f3rdoba. Datos de contacto: Correo electr\u00f3nico: info@wul4.com. Tel.: +34 912 966 124 A trav\u00e9s del sitio web&nbsp;www.wul4.com,&hellip; Read more\" \/>\n<meta property=\"og:url\" content=\"https:\/\/www.wul4.com\/en\/aviso-legal\/\" \/>\n<meta property=\"og:site_name\" content=\"WUL4\" \/>\n<meta property=\"article:modified_time\" content=\"2022-08-29T11:19:22+00:00\" \/>\n<meta name=\"twitter:card\" content=\"summary_large_image\" \/>\n<meta name=\"twitter:label1\" content=\"Estimated reading time\" \/>\n\t<meta name=\"twitter:data1\" content=\"2 minutes\" \/>\n<script type=\"application\/ld+json\" class=\"yoast-schema-graph\">{\"@context\":\"https:\/\/schema.org\",\"@graph\":[{\"@type\":\"WebPage\",\"@id\":\"https:\/\/www.wul4.com\/aviso-legal\/\",\"url\":\"https:\/\/www.wul4.com\/aviso-legal\/\",\"name\":\"Aviso Legal - WUL4\",\"isPartOf\":{\"@id\":\"https:\/\/www.wul4.com\/en\/#website\"},\"datePublished\":\"2022-03-03T09:04:23+00:00\",\"dateModified\":\"2022-08-29T11:19:22+00:00\",\"breadcrumb\":{\"@id\":\"https:\/\/www.wul4.com\/aviso-legal\/#breadcrumb\"},\"inLanguage\":\"en-GB\",\"potentialAction\":[{\"@type\":\"ReadAction\",\"target\":[\"https:\/\/www.wul4.com\/aviso-legal\/\"]}]},{\"@type\":\"BreadcrumbList\",\"@id\":\"https:\/\/www.wul4.com\/aviso-legal\/#breadcrumb\",\"itemListElement\":[{\"@type\":\"ListItem\",\"position\":1,\"name\":\"Portada\",\"item\":\"https:\/\/www.wul4.com\/en\/\"},{\"@type\":\"ListItem\",\"position\":2,\"name\":\"Aviso Legal\"}]},{\"@type\":\"WebSite\",\"@id\":\"https:\/\/www.wul4.com\/en\/#website\",\"url\":\"https:\/\/www.wul4.com\/en\/\",\"name\":\"WUL4\",\"description\":\"Consultor\u00eda, servicios tecnol\u00f3gicos de pagos y seguridad.\",\"publisher\":{\"@id\":\"https:\/\/www.wul4.com\/en\/#organization\"},\"potentialAction\":[{\"@type\":\"SearchAction\",\"target\":{\"@type\":\"EntryPoint\",\"urlTemplate\":\"https:\/\/www.wul4.com\/en\/?s={search_term_string}\"},\"query-input\":\"required name=search_term_string\"}],\"inLanguage\":\"en-GB\"},{\"@type\":\"Organization\",\"@id\":\"https:\/\/www.wul4.com\/en\/#organization\",\"name\":\"WUL4\",\"url\":\"https:\/\/www.wul4.com\/en\/\",\"logo\":{\"@type\":\"ImageObject\",\"inLanguage\":\"en-GB\",\"@id\":\"https:\/\/www.wul4.com\/en\/#\/schema\/logo\/image\/\",\"url\":\"https:\/\/www.wul4.com\/wp-content\/uploads\/2022\/03\/Sin-titulo-2.png\",\"contentUrl\":\"https:\/\/www.wul4.com\/wp-content\/uploads\/2022\/03\/Sin-titulo-2.png\",\"width\":988,\"height\":301,\"caption\":\"WUL4\"},\"image\":{\"@id\":\"https:\/\/www.wul4.com\/en\/#\/schema\/logo\/image\/\"}}]}<\/script>\n<!-- \/ Yoast SEO plugin. -->","yoast_head_json":{"title":"Aviso Legal - WUL4","robots":{"index":"index","follow":"follow","max-snippet":"max-snippet:-1","max-image-preview":"max-image-preview:large","max-video-preview":"max-video-preview:-1"},"canonical":"https:\/\/www.wul4.com\/en\/aviso-legal\/","og_locale":"en_GB","og_type":"article","og_title":"Aviso Legal - WUL4","og_description":"AVISO&nbsp;LEGAL El presente sitio web es titularidad de\u00a0What you look for S.L. con CIF: B14882062 y domicilio social sito en Pje. del Balc\u00f3n de Lagartijo, 31 &#8211; 33, 14014 C\u00f3rdoba. Se encuentra inscrita en el Registro Mercantil de C\u00f3rdoba. Datos de contacto: Correo electr\u00f3nico: info@wul4.com. Tel.: +34 912 966 124 A trav\u00e9s del sitio web&nbsp;www.wul4.com,&hellip; Read more","og_url":"https:\/\/www.wul4.com\/en\/aviso-legal\/","og_site_name":"WUL4","article_modified_time":"2022-08-29T11:19:22+00:00","twitter_card":"summary_large_image","twitter_misc":{"Estimated reading time":"2 minutes"},"schema":{"@context":"https:\/\/schema.org","@graph":[{"@type":"WebPage","@id":"https:\/\/www.wul4.com\/aviso-legal\/","url":"https:\/\/www.wul4.com\/aviso-legal\/","name":"Aviso Legal - WUL4","isPartOf":{"@id":"https:\/\/www.wul4.com\/en\/#website"},"datePublished":"2022-03-03T09:04:23+00:00","dateModified":"2022-08-29T11:19:22+00:00","breadcrumb":{"@id":"https:\/\/www.wul4.com\/aviso-legal\/#breadcrumb"},"inLanguage":"en-GB","potentialAction":[{"@type":"ReadAction","target":["https:\/\/www.wul4.com\/aviso-legal\/"]}]},{"@type":"BreadcrumbList","@id":"https:\/\/www.wul4.com\/aviso-legal\/#breadcrumb","itemListElement":[{"@type":"ListItem","position":1,"name":"Portada","item":"https:\/\/www.wul4.com\/en\/"},{"@type":"ListItem","position":2,"name":"Aviso Legal"}]},{"@type":"WebSite","@id":"https:\/\/www.wul4.com\/en\/#website","url":"https:\/\/www.wul4.com\/en\/","name":"WUL4","description":"Consultor\u00eda, servicios tecnol\u00f3gicos de pagos y seguridad.","publisher":{"@id":"https:\/\/www.wul4.com\/en\/#organization"},"potentialAction":[{"@type":"SearchAction","target":{"@type":"EntryPoint","urlTemplate":"https:\/\/www.wul4.com\/en\/?s={search_term_string}"},"query-input":"required name=search_term_string"}],"inLanguage":"en-GB"},{"@type":"Organization","@id":"https:\/\/www.wul4.com\/en\/#organization","name":"WUL4","url":"https:\/\/www.wul4.com\/en\/","logo":{"@type":"ImageObject","inLanguage":"en-GB","@id":"https:\/\/www.wul4.com\/en\/#\/schema\/logo\/image\/","url":"https:\/\/www.wul4.com\/wp-content\/uploads\/2022\/03\/Sin-titulo-2.png","contentUrl":"https:\/\/www.wul4.com\/wp-content\/uploads\/2022\/03\/Sin-titulo-2.png","width":988,"height":301,"caption":"WUL4"},"image":{"@id":"https:\/\/www.wul4.com\/en\/#\/schema\/logo\/image\/"}}]}},"_links":{"self":[{"href":"https:\/\/www.wul4.com\/en\/wp-json\/wp\/v2\/pages\/35","targetHints":{"allow":["GET"]}}],"collection":[{"href":"https:\/\/www.wul4.com\/en\/wp-json\/wp\/v2\/pages"}],"about":[{"href":"https:\/\/www.wul4.com\/en\/wp-json\/wp\/v2\/types\/page"}],"author":[{"embeddable":true,"href":"https:\/\/www.wul4.com\/en\/wp-json\/wp\/v2\/users\/1"}],"replies":[{"embeddable":true,"href":"https:\/\/www.wul4.com\/en\/wp-json\/wp\/v2\/comments?post=35"}],"version-history":[{"count":2,"href":"https:\/\/www.wul4.com\/en\/wp-json\/wp\/v2\/pages\/35\/revisions"}],"predecessor-version":[{"id":703,"href":"https:\/\/www.wul4.com\/en\/wp-json\/wp\/v2\/pages\/35\/revisions\/703"}],"wp:attachment":[{"href":"https:\/\/www.wul4.com\/en\/wp-json\/wp\/v2\/media?parent=35"}],"curies":[{"name":"wp","href":"https:\/\/api.w.org\/{rel}","templated":true}]}}