{"id":216,"date":"2022-03-07T09:07:03","date_gmt":"2022-03-07T09:07:03","guid":{"rendered":"http:\/\/www.wul4.com\/?page_id=216"},"modified":"2022-07-11T12:12:19","modified_gmt":"2022-07-11T12:12:19","slug":"ia","status":"publish","type":"page","link":"https:\/\/www.wul4.com\/en\/ia\/","title":{"rendered":"ARTIFICIAL INTELLIGENCE"},"content":{"rendered":"<div  data-label=\"intro\" data-id=\"content--1\" data-export-id=\"content-7\" data-category=\"content\" class=\"content-7 content-section content-section-spacing content-relative\" id=\"intro\" style=\"background-color: rgb(255, 255, 255);\" bis_size=\"{&quot;x&quot;:0,&quot;y&quot;:372,&quot;w&quot;:1557,&quot;h&quot;:556,&quot;abs_x&quot;:345,&quot;abs_y&quot;:372}\"><div  class=\"gridContainer\" bis_size=\"{&quot;x&quot;:162,&quot;y&quot;:452,&quot;w&quot;:1232,&quot;h&quot;:396,&quot;abs_x&quot;:507,&quot;abs_y&quot;:452}\"> <div  class=\"row middle-sm\" bis_size=\"{&quot;x&quot;:162,&quot;y&quot;:452,&quot;w&quot;:1232,&quot;h&quot;:396,&quot;abs_x&quot;:507,&quot;abs_y&quot;:452}\"><div  class=\"col-sm-6 space-bottom-xs\" data-type=\"column\" bis_size=\"{&quot;x&quot;:162,&quot;y&quot;:482,&quot;w&quot;:616,&quot;h&quot;:336,&quot;abs_x&quot;:507,&quot;abs_y&quot;:482}\"> <h2  class=\"\" bis_size=\"{&quot;x&quot;:177,&quot;y&quot;:482,&quot;w&quot;:586,&quot;h&quot;:48,&quot;abs_x&quot;:522,&quot;abs_y&quot;:482}\"><span  style=\"font-family: Roboto, arial, helvetica, sans-serif; font-weight: 400;\">smart assistant<\/span><br ><span  style=\"font-family: Roboto, arial, helvetica, sans-serif;\"><span  style=\"font-weight: 700; color: rgb(129, 215, 66);\">\nable to learn<\/span> <span  style=\"font-weight: 400;\">of the user<\/span><\/span><\/h2> <p  class=\"\" bis_size=\"{&quot;x&quot;:177,&quot;y&quot;:546,&quot;w&quot;:586,&quot;h&quot;:199,&quot;abs_x&quot;:522,&quot;abs_y&quot;:546}\" style=\"text-align: justify;\"><span  style=\"font-family: Roboto, arial, helvetica, sans-serif;\">Thanks to its training mode, the assistant <span  style=\"font-weight: 700;\">will be able to learn from the user&#039;s questions to make their answers more accurate<\/span> and make the consultation experience as complete as possible.\n<\/span><br ><br ><span  style=\"font-family: Roboto, arial, helvetica, sans-serif; font-weight: 600;\">\nDo you want your own chatbot integrated into your website?<\/span><br ><span  style=\"font-family: Roboto, arial, helvetica, sans-serif;\">\nYou can include a <span  style=\"font-weight: 500; color: rgb(129, 215, 66);\">customizable wizard<\/span> on your website.<\/span><\/p> <\/div> <div  class=\"col-sm-6\" data-type=\"column\" bis_size=\"{&quot;x&quot;:778,&quot;y&quot;:452,&quot;w&quot;:616,&quot;h&quot;:396,&quot;abs_x&quot;:1123,&quot;abs_y&quot;:452}\"> <img decoding=\"async\"  class=\"shadow-large\" src=\"http:\/\/www.wul4.com\/wp-content\/uploads\/2022\/03\/cropped-CHATBOT-1.png\" bis_size=\"{&quot;x&quot;:793,&quot;y&quot;:452,&quot;w&quot;:586,&quot;h&quot;:390,&quot;abs_x&quot;:1138,&quot;abs_y&quot;:452}\" title=\"cropped-CHATBOT-1\" alt=\"\"><\/div> <\/div><\/div> <div  class=\"section-separator-bottom\">\n    <svg  class=\"section-separator-bottom\" data-separator-name=\"triangle-asymmetrical-negative\" preserveaspectratio=\"none\" viewbox=\"0 0 1000 100\" xmlns=\"http:\/\/www.w3.org\/2000\/svg\">\n        <path  class=\"svg-white-bg\" d=\"M737.9,94.7L0,0v100h1000V0L737.9,94.7z\"><\/path>\n    <\/svg>\n<\/div><\/div><div  data-label=\"Overlappable\" data-id=\"overlappable--1\" data-export-id=\"overlappable-4\" data-category=\"overlappable\" class=\"overlappable-4 content-section content-section-spacing content-relative\" data-overlap=\"true\" id=\"overlappable-1\" style=\"background-color: rgb(242, 242, 242); background-image: none;\"><div  class=\"gridContainer\"> <div  data-type=\"row\" class=\"row spaced-cols text-center\"><div  class=\"col-xs-12 col-sm-4 col-padding\"> <i  class=\"fa icon shadow-large-black aligncenter fa-lightbulb-o reverse round color6\"><\/i> <div  data-type=\"column\" class=\"\"> <h5  class=\"\"><span  style=\"font-family: Roboto, arial, helvetica, sans-serif; font-weight: 700; color: rgb(129, 215, 66);\">INTELLIGENT<\/span><\/h5> <p  class=\"\">Much more than a ChatBot, it is an intelligent virtual assistant capable of learning from the user and varies its image depending on the type<br >\nof question.<\/p><\/div> <\/div> <div  class=\"col-xs-12 col-sm-4 col-padding\"> <i  class=\"fa icon shadow-large-black aligncenter fa-cogs reverse round color6\"><\/i> <div  data-type=\"column\" class=\"\"><h5  class=\"\"><span  style=\"font-family: Roboto, arial, helvetica, sans-serif; font-weight: 700; color: rgb(129, 215, 66);\">INTEGRATABLE<\/span><\/h5> <p  class=\"\">An easy-to-install wizard on all websites, social networks, adapted to all browsers and provides complete analytics<br >\nof data.<\/p><\/div> <\/div> <div  class=\"col-xs-12 col-sm-4 col-padding\"> <i  class=\"fa icon shadow-large-black aligncenter fa-diamond reverse round color6\"><\/i> <div  data-type=\"column\" class=\"\"><h5  class=\"\"><span  style=\"font-family: Roboto, arial, helvetica, sans-serif; font-weight: 700; color: rgb(129, 215, 66);\">INFALLIBLE<\/span><\/h5> <p  class=\"\">It intelligently detects errors that can later be reviewed and corrected in an easy and intuitive way. Once corrected it will not be necessary to correct it further.<\/p><\/div> <\/div><\/div> <\/div><div  class=\"section-separator-bottom\">\n    <svg  class=\"section-separator-bottom\" data-separator-name=\"triangle-asymmetrical-negative\" preserveaspectratio=\"none\" viewbox=\"0 0 1000 100\" xmlns=\"http:\/\/www.w3.org\/2000\/svg\">\n        <path  class=\"svg-white-bg\" d=\"M737.9,94.7L0,0v100h1000V0L737.9,94.7z\"><\/path>\n    <\/svg>\n<\/div><\/div><div  data-label=\"Features\" data-id=\"features--2\" data-export-id=\"features-16-card-bordered-colored\" data-category=\"features\" class=\"features-16-card-bordered-colored content-section content-section-spacing\" id=\"features-2\" style=\"background-color: rgb(255, 255, 255); background-image: none;\"><div  class=\"gridContainer\"> <div  class=\"row text-center\"><div  class=\"section-title-col\" data-type=\"column\"> <h2  class=\"\"><span  style=\"font-family: Roboto, arial, helvetica, sans-serif;\">Some customers <span  style=\"color: rgb(129, 215, 66);\">WUL4<\/span> who have requested Chatbot<\/span><\/h2> <p  class=\"lead\" style=\"text-align: justify;\"><span  style=\"font-family: Roboto, arial, helvetica, sans-serif;\">Improve the functioning of your website, help your customers to solve their problems. Our Chatbot will tell you how to make your purchases correctly, make reservations or any questions you may have.<\/span><\/p><\/div> <\/div> <div  class=\"row spaced-cols\" data-type=\"row\"> <div  class=\"col-xs-12 col-sm-6 col-md-6\"> <div  class=\"card no-padding bottom-border-color6\"> <img decoding=\"async\"  class=\"face\" src=\"http:\/\/www.wul4.com\/wp-content\/uploads\/2022\/03\/XANADU.png\" title=\"XANADU\" alt=\"\"> <div  data-type=\"column\" class=\"col-padding-small col-padding-small-xs description-container\"> <h4  class=\"font-500 color1\"><span  style=\"color: rgb(129, 215, 66);\">Intu Xanad\u00fa \u2013 MADRID SHOPPING CENTER<\/span><\/h4> <p  class=\"\">Do you want your own chatbot integrated into your website? You can easily include a customizable wizard in your web portal.<\/p><\/div> <div  data-type=\"column\" class=\"col-padding-small col-padding-small-xs read-more-container\"><a class=\"read-more\" href=\"https:\/\/www.intuxanadu.com\" target=\"_blank\" data-cp-link=\"1\" rel=\"noopener\">go to site<\/a><\/div> <\/div><\/div> <div  class=\"col-xs-12 col-sm-6 col-md-6\"><div  class=\"card no-padding bottom-border-color6\"> <img decoding=\"async\"  class=\"face\" src=\"http:\/\/www.wul4.com\/wp-content\/uploads\/2022\/03\/FYCMA.png\" title=\"FYCMA\" alt=\"\"> <div  data-type=\"column\" class=\"col-padding-small col-padding-small-xs description-container\"> <h4  class=\"font-500 color1\"><span  style=\"color: rgb(129, 215, 66);\">FYCMA \u2013 PALACE OF FAIRS AND CONGRESSES M\u00c1LAGA<\/span><\/h4> <p  class=\"\">An assistant capable of responding immediately. Integrable with the main social networks and its own chat system.<\/p><\/div> <div  data-type=\"column\" class=\"col-padding-small col-padding-small-xs read-more-container\"><a class=\"read-more\" href=\"https:\/\/fycma.com\" target=\"_blank\" data-cp-link=\"1\" rel=\"noopener\">go to site<\/a><\/div> <\/div><\/div> <div  class=\"col-xs-12 col-sm-6 col-md-6\"><div  class=\"card no-padding bottom-border-color6\"> <img decoding=\"async\"  class=\"face\" src=\"http:\/\/www.wul4.com\/wp-content\/uploads\/2022\/03\/SUPERBOT.png\" title=\"SUPERBOT\" alt=\"\"> <div  data-type=\"column\" class=\"col-padding-small col-padding-small-xs description-container\"> <h4  class=\"font-500 color1\"><span style=\"color: rgb(129, 215, 66);\" >SuperBOT<\/span><\/h4> <p  class=\"\">Able to learn about any topic and respond autonomously. This SuperBot will tell you timetables, tickets, etc.<\/p><\/div> <div  data-type=\"column\" class=\"col-padding-small col-padding-small-xs read-more-container\"><a class=\"read-more\" href=\"https:\/\/www.emtmalaga.es\/es\" target=\"_blank\" data-cp-link=\"1\" rel=\"noopener\">go to site<\/a><\/div> <\/div><\/div> <div  class=\"col-xs-12 col-sm-6 col-md-6\"> <div  class=\"card no-padding bottom-border-color6\"> <img decoding=\"async\"  class=\"face\" src=\"http:\/\/www.wul4.com\/wp-content\/uploads\/2022\/03\/THUNDERBOT.png\" title=\"THUNDERBOT\" alt=\"\"> <div  data-type=\"column\" class=\"col-padding-small col-padding-small-xs description-container\"> <h4  class=\"font-500 color1\"><span  style=\"color: rgb(129, 215, 66);\">PayThunderBOT<\/span><\/h4> <p  class=\"\">It offers the user all the information necessary for their queries and can be minimized to avoid getting in the way. It can be personalized with our image or with your own.<\/p><\/div> <div  data-type=\"column\" class=\"col-padding-small col-padding-small-xs read-more-container\"><a class=\"read-more\" href=\"https:\/\/www.wul4.com\/en\/ia\/www.paythunder.com\/\" target=\"_blank\" data-cp-link=\"1\" rel=\"noopener\">go to site<\/a><\/div> <\/div><\/div><\/div><\/div> <\/div><div  data-label=\"Content\" data-id=\"content--2\" data-export-id=\"content-8\" data-category=\"content\" class=\"content-8 content-section content-section-spacing content-relative\" id=\"content-1\" style=\"background-color: rgb(242, 242, 242); background-image: none;\"><div  class=\"section-separator-top\">\n    <svg  xmlns=\"http:\/\/www.w3.org\/2000\/svg\" preserveaspectratio=\"none\" viewbox=\"0 0 1000 100\" data-separator-name=\"tilt-flipped\" class=\"section-separator-top\">\n  <path  id=\"path2\" d=\"M 1000,0 H 0 v 100 z\" class=\"svg-white-bg\"><\/path>\n<\/svg>\n<\/div><div  class=\"gridContainer\"> <div  class=\"row middle-sm\"><div  class=\"col-sm-6 space-bottom-xs space-top-xs\" data-type=\"column\"> <img decoding=\"async\"  class=\"shadow-large\" src=\"http:\/\/www.wul4.com\/wp-content\/uploads\/2022\/03\/cropped-genie-holograma-paythunder.png\" title=\"cropped-genie-hologram-paythunder\" alt=\"\"><\/div> <div  class=\"col-sm-6\" data-type=\"column\"><h2  class=\"\"><span  style=\"font-family: Roboto, arial, helvetica, sans-serif;\"><span  style=\"font-weight: 400;\">virtual hologram<\/span> <span  style=\"color: rgb(129, 215, 66);\">that interacts<\/span> <span  style=\"font-weight: 400;\">with clients<\/span><\/span><\/h2> <p  class=\"\" style=\"text-align: justify;\"><span  style=\"font-weight: 600;\">PayThunder Genie<\/span> It is a virtual hologram, which placed in prominent places of your business, <span  style=\"font-weight: 600;\">can inform your customers, interact with them<\/span> and even respond in the selected language.<br >\nIts functions are unlimited: informant, guide, virtual doorman, personal assistant and it is used in shops, as well as in events organized at fairs and congresses.\n<br ><br >\n<span  style=\"font-weight: 600;\">What type of business do you have?<\/span> Shopping centers, hotels, museums... are ideal places to use PayThunder Genie.<\/p> <\/div> <\/div><\/div> <\/div><div  data-label=\"Overlappable\" data-id=\"overlappable--2\" data-export-id=\"overlappable-4\" data-category=\"overlappable\" class=\"overlappable-4 content-section content-section-spacing content-relative\" data-overlap=\"true\" id=\"overlappable-2\" style=\"background-color: rgb(242, 242, 242); background-image: none;\"><div  class=\"gridContainer\"> <div  data-type=\"row\" class=\"row spaced-cols text-center\"><div  class=\"col-xs-12 col-sm-4 col-padding\"> <i  class=\"fa icon shadow-large-black aligncenter fa-play-circle reverse round color6\"><\/i> <div  data-type=\"column\" class=\"\"> <h5  class=\"\"><span  style=\"font-family: Roboto, arial, helvetica, sans-serif; color: rgb(129, 215, 66);\">INTERACTIVE TOURIST GUIDE<\/span><\/h5> <p  class=\"\">Receive tourists and even interact with them in the language they select, tourist routes, gastronomic guides, how to get around the city, schedules, rates...<\/p><\/div> <\/div> <div  class=\"col-xs-12 col-sm-4 col-padding\"> <i  class=\"fa icon shadow-large-black aligncenter fa-child reverse round color6\"><\/i> <div  data-type=\"column\" class=\"\"><h5  class=\"\"><span  style=\"font-family: Roboto, arial, helvetica, sans-serif; color: rgb(129, 215, 66);\">INTERACTIVE DOOR<\/span><\/h5> <p  class=\"\">Placed in the hall of your hotel, our interactive hologram will be able to receive guests, information about the rooms, reservations, cafeteria, what you can do in the city...<\/p><\/div> <\/div> <div  class=\"col-xs-12 col-sm-4 col-padding\"> <i  class=\"fa icon shadow-large-black aligncenter fa-shopping-bag reverse round color6\"><\/i> <div  data-type=\"column\" class=\"\"><h5  class=\"\"><span  style=\"font-family: Roboto, arial, helvetica, sans-serif; color: rgb(129, 215, 66);\">PERSONAL ASSISTANT<\/span><\/h5> <p  class=\"\"><span  style=\"font-family: Roboto, arial, helvetica, sans-serif;\">Inform your customers of all the offers they can find in your business, about purchases, gifts, promotions, discounts, payment systems, returns...<\/span><\/p><\/div> <\/div><\/div> <\/div><div  class=\"section-separator-bottom\">\n    <svg  class=\"section-separator-bottom\" data-separator-name=\"triangle-asymmetrical-negative\" preserveaspectratio=\"none\" viewbox=\"0 0 1000 100\" xmlns=\"http:\/\/www.w3.org\/2000\/svg\">\n        <path  class=\"svg-white-bg\" d=\"M737.9,94.7L0,0v100h1000V0L737.9,94.7z\"><\/path>\n    <\/svg>\n<\/div><\/div><div  data-label=\"Cta\" data-id=\"cta--1\" data-export-id=\"cta-blue-section\" data-category=\"cta\" class=\"cta-blue-section content-section content-section-spacing-medium bg-color1 white-text\" id=\"cta-1\" style=\"background-image: none; background-color: rgb(255, 255, 255);\"><div  class=\"gridContainer\"> <div  class=\"row middle-xs\"><div  class=\"col-sm-8 space-bottom-xs\" data-type=\"column\"> <h2  class=\"\"><span  style=\"color: rgb(129, 215, 66);\"><span  style=\"color: rgb(60, 66, 79);\">Do you want to know more about<\/span> artificial intelligence?<\/span><\/h2> <\/div> <div  class=\"col-sm-4 end-sm\" data-type=\"column\"> <a class=\"button color6\" href=\"#\" target=\"_blank\" data-cp-link=\"1\" data-icon=\"\" rel=\"noopener\">Contact<\/a><\/div> <\/div><\/div> <\/div>","protected":false},"excerpt":{"rendered":"<p>Intelligent assistant capable of learning from the user Thanks to its training mode, the assistant will be able to learn from the user&#039;s questions to make their answers more precise and make the consultation experience as complete as possible. Do you want your own chatbot integrated into your website? You can include a customizable assistant in your portal\u2026 <br \/> <a class=\"read-more\" href=\"https:\/\/www.wul4.com\/en\/ia\/\">Read more<\/a><\/p>","protected":false},"author":1,"featured_media":0,"parent":0,"menu_order":0,"comment_status":"closed","ping_status":"closed","template":"pro\/page-templates\/full-width-page.php","meta":{"footnotes":""},"class_list":["post-216","page","type-page","status-publish","hentry"],"yoast_head":"<!-- This site is optimized with the Yoast SEO plugin v21.5 - https:\/\/yoast.com\/wordpress\/plugins\/seo\/ -->\n<title>INTELIGENCIA ARTIFICIAL - WUL4<\/title>\n<meta name=\"robots\" content=\"index, follow, max-snippet:-1, max-image-preview:large, max-video-preview:-1\" \/>\n<link rel=\"canonical\" href=\"https:\/\/www.wul4.com\/en\/ia\/\" \/>\n<meta property=\"og:locale\" content=\"en_GB\" \/>\n<meta property=\"og:type\" content=\"article\" \/>\n<meta property=\"og:title\" content=\"INTELIGENCIA ARTIFICIAL - WUL4\" \/>\n<meta property=\"og:description\" content=\"Asistente inteligente capaz de aprender del usuario Gracias a su modo entrenamiento el asistente podr\u00e1&nbsp;aprender de las preguntas del usuario para hacer que sus respuestas sean m\u00e1s precisas y hagan la experiencia de la consulta lo m\u00e1s completa posible. \u00bfQuieres tu propio chatbot integrado en tu web? Podr\u00e1s incluir un asistente personalizable en tu portal&hellip; Read more\" \/>\n<meta property=\"og:url\" content=\"https:\/\/www.wul4.com\/en\/ia\/\" \/>\n<meta property=\"og:site_name\" content=\"WUL4\" \/>\n<meta property=\"article:modified_time\" content=\"2022-07-11T12:12:19+00:00\" \/>\n<meta property=\"og:image\" content=\"http:\/\/www.wul4.com\/wp-content\/uploads\/2022\/03\/cropped-CHATBOT-1.png\" \/>\n<meta name=\"twitter:card\" content=\"summary_large_image\" \/>\n<meta name=\"twitter:label1\" content=\"Estimated reading time\" \/>\n\t<meta name=\"twitter:data1\" content=\"2 minutes\" \/>\n<script type=\"application\/ld+json\" class=\"yoast-schema-graph\">{\"@context\":\"https:\/\/schema.org\",\"@graph\":[{\"@type\":\"WebPage\",\"@id\":\"https:\/\/www.wul4.com\/ia\/\",\"url\":\"https:\/\/www.wul4.com\/ia\/\",\"name\":\"INTELIGENCIA ARTIFICIAL - WUL4\",\"isPartOf\":{\"@id\":\"https:\/\/www.wul4.com\/en\/#website\"},\"datePublished\":\"2022-03-07T09:07:03+00:00\",\"dateModified\":\"2022-07-11T12:12:19+00:00\",\"breadcrumb\":{\"@id\":\"https:\/\/www.wul4.com\/ia\/#breadcrumb\"},\"inLanguage\":\"en-GB\",\"potentialAction\":[{\"@type\":\"ReadAction\",\"target\":[\"https:\/\/www.wul4.com\/ia\/\"]}]},{\"@type\":\"BreadcrumbList\",\"@id\":\"https:\/\/www.wul4.com\/ia\/#breadcrumb\",\"itemListElement\":[{\"@type\":\"ListItem\",\"position\":1,\"name\":\"Portada\",\"item\":\"https:\/\/www.wul4.com\/en\/\"},{\"@type\":\"ListItem\",\"position\":2,\"name\":\"INTELIGENCIA ARTIFICIAL\"}]},{\"@type\":\"WebSite\",\"@id\":\"https:\/\/www.wul4.com\/en\/#website\",\"url\":\"https:\/\/www.wul4.com\/en\/\",\"name\":\"WUL4\",\"description\":\"Consultor\u00eda, servicios tecnol\u00f3gicos de pagos y seguridad.\",\"publisher\":{\"@id\":\"https:\/\/www.wul4.com\/en\/#organization\"},\"potentialAction\":[{\"@type\":\"SearchAction\",\"target\":{\"@type\":\"EntryPoint\",\"urlTemplate\":\"https:\/\/www.wul4.com\/en\/?s={search_term_string}\"},\"query-input\":\"required name=search_term_string\"}],\"inLanguage\":\"en-GB\"},{\"@type\":\"Organization\",\"@id\":\"https:\/\/www.wul4.com\/en\/#organization\",\"name\":\"WUL4\",\"url\":\"https:\/\/www.wul4.com\/en\/\",\"logo\":{\"@type\":\"ImageObject\",\"inLanguage\":\"en-GB\",\"@id\":\"https:\/\/www.wul4.com\/en\/#\/schema\/logo\/image\/\",\"url\":\"https:\/\/www.wul4.com\/wp-content\/uploads\/2022\/03\/Sin-titulo-2.png\",\"contentUrl\":\"https:\/\/www.wul4.com\/wp-content\/uploads\/2022\/03\/Sin-titulo-2.png\",\"width\":988,\"height\":301,\"caption\":\"WUL4\"},\"image\":{\"@id\":\"https:\/\/www.wul4.com\/en\/#\/schema\/logo\/image\/\"}}]}<\/script>\n<!-- \/ Yoast SEO plugin. -->","yoast_head_json":{"title":"INTELIGENCIA ARTIFICIAL - WUL4","robots":{"index":"index","follow":"follow","max-snippet":"max-snippet:-1","max-image-preview":"max-image-preview:large","max-video-preview":"max-video-preview:-1"},"canonical":"https:\/\/www.wul4.com\/en\/ia\/","og_locale":"en_GB","og_type":"article","og_title":"INTELIGENCIA ARTIFICIAL - WUL4","og_description":"Asistente inteligente capaz de aprender del usuario Gracias a su modo entrenamiento el asistente podr\u00e1&nbsp;aprender de las preguntas del usuario para hacer que sus respuestas sean m\u00e1s precisas y hagan la experiencia de la consulta lo m\u00e1s completa posible. \u00bfQuieres tu propio chatbot integrado en tu web? Podr\u00e1s incluir un asistente personalizable en tu portal&hellip; Read more","og_url":"https:\/\/www.wul4.com\/en\/ia\/","og_site_name":"WUL4","article_modified_time":"2022-07-11T12:12:19+00:00","og_image":[{"url":"http:\/\/www.wul4.com\/wp-content\/uploads\/2022\/03\/cropped-CHATBOT-1.png"}],"twitter_card":"summary_large_image","twitter_misc":{"Estimated reading time":"2 minutes"},"schema":{"@context":"https:\/\/schema.org","@graph":[{"@type":"WebPage","@id":"https:\/\/www.wul4.com\/ia\/","url":"https:\/\/www.wul4.com\/ia\/","name":"INTELIGENCIA ARTIFICIAL - WUL4","isPartOf":{"@id":"https:\/\/www.wul4.com\/en\/#website"},"datePublished":"2022-03-07T09:07:03+00:00","dateModified":"2022-07-11T12:12:19+00:00","breadcrumb":{"@id":"https:\/\/www.wul4.com\/ia\/#breadcrumb"},"inLanguage":"en-GB","potentialAction":[{"@type":"ReadAction","target":["https:\/\/www.wul4.com\/ia\/"]}]},{"@type":"BreadcrumbList","@id":"https:\/\/www.wul4.com\/ia\/#breadcrumb","itemListElement":[{"@type":"ListItem","position":1,"name":"Portada","item":"https:\/\/www.wul4.com\/en\/"},{"@type":"ListItem","position":2,"name":"INTELIGENCIA ARTIFICIAL"}]},{"@type":"WebSite","@id":"https:\/\/www.wul4.com\/en\/#website","url":"https:\/\/www.wul4.com\/en\/","name":"WUL4","description":"Consultor\u00eda, servicios tecnol\u00f3gicos de pagos y seguridad.","publisher":{"@id":"https:\/\/www.wul4.com\/en\/#organization"},"potentialAction":[{"@type":"SearchAction","target":{"@type":"EntryPoint","urlTemplate":"https:\/\/www.wul4.com\/en\/?s={search_term_string}"},"query-input":"required name=search_term_string"}],"inLanguage":"en-GB"},{"@type":"Organization","@id":"https:\/\/www.wul4.com\/en\/#organization","name":"WUL4","url":"https:\/\/www.wul4.com\/en\/","logo":{"@type":"ImageObject","inLanguage":"en-GB","@id":"https:\/\/www.wul4.com\/en\/#\/schema\/logo\/image\/","url":"https:\/\/www.wul4.com\/wp-content\/uploads\/2022\/03\/Sin-titulo-2.png","contentUrl":"https:\/\/www.wul4.com\/wp-content\/uploads\/2022\/03\/Sin-titulo-2.png","width":988,"height":301,"caption":"WUL4"},"image":{"@id":"https:\/\/www.wul4.com\/en\/#\/schema\/logo\/image\/"}}]}},"_links":{"self":[{"href":"https:\/\/www.wul4.com\/en\/wp-json\/wp\/v2\/pages\/216","targetHints":{"allow":["GET"]}}],"collection":[{"href":"https:\/\/www.wul4.com\/en\/wp-json\/wp\/v2\/pages"}],"about":[{"href":"https:\/\/www.wul4.com\/en\/wp-json\/wp\/v2\/types\/page"}],"author":[{"embeddable":true,"href":"https:\/\/www.wul4.com\/en\/wp-json\/wp\/v2\/users\/1"}],"replies":[{"embeddable":true,"href":"https:\/\/www.wul4.com\/en\/wp-json\/wp\/v2\/comments?post=216"}],"version-history":[{"count":18,"href":"https:\/\/www.wul4.com\/en\/wp-json\/wp\/v2\/pages\/216\/revisions"}],"predecessor-version":[{"id":694,"href":"https:\/\/www.wul4.com\/en\/wp-json\/wp\/v2\/pages\/216\/revisions\/694"}],"wp:attachment":[{"href":"https:\/\/www.wul4.com\/en\/wp-json\/wp\/v2\/media?parent=216"}],"curies":[{"name":"wp","href":"https:\/\/api.w.org\/{rel}","templated":true}]}}